{"id":134,"date":"2016-02-22T15:12:32","date_gmt":"2016-02-22T14:12:32","guid":{"rendered":"https:\/\/akademiafarmaceuty.edu.pl\/?page_id=134"},"modified":"2017-01-11T16:42:35","modified_gmt":"2017-01-11T15:42:35","slug":"poprzednie-kursy","status":"publish","type":"page","link":"https:\/\/akademiafarmaceuty.edu.pl\/2017\/poprzednie-kursy\/","title":{"rendered":"Poprzednie kursy"},"content":{"rendered":"<div id=\"kad-wp-gallery86\" class=\"kad-wp-gallery kad-light-wp-gallery clearfix kt-gallery-column-3 rowtight\"><div class=\"tcol-lg-4 tcol-md-4 tcol-sm-4 tcol-xs-6 tcol-ss-12 g_item\"><div class=\"grid_item kad_gallery_fade_in gallery_item\"><a href=\"https:\/\/akademiafarmaceuty.edu.pl\/2017\/wp-content\/uploads\/2016\/02\/foto-3.jpg\" data-rel=\"lightbox\" class=\"lightboxhover\"><img src=\"https:\/\/akademiafarmaceuty.edu.pl\/2017\/wp-content\/uploads\/2016\/02\/foto-3-400x400.jpg\" width=\"400\" height=\"400\" alt=\"\" srcset=\"https:\/\/akademiafarmaceuty.edu.pl\/2017\/wp-content\/uploads\/2016\/02\/foto-3-400x400.jpg 400w, https:\/\/akademiafarmaceuty.edu.pl\/2017\/wp-content\/uploads\/2016\/02\/foto-3-150x150.jpg 150w\" sizes=\"(max-width: 400px) 100vw, 400px\" class=\"light-dropshaddow\"\/><\/a><\/div><\/div><div class=\"tcol-lg-4 tcol-md-4 tcol-sm-4 tcol-xs-6 tcol-ss-12 g_item\"><div class=\"grid_item kad_gallery_fade_in gallery_item\"><a href=\"https:\/\/akademiafarmaceuty.edu.pl\/2017\/wp-content\/uploads\/2016\/02\/foto-2.jpg\" data-rel=\"lightbox\" class=\"lightboxhover\"><img src=\"https:\/\/akademiafarmaceuty.edu.pl\/2017\/wp-content\/uploads\/2016\/02\/foto-2-400x400.jpg\" width=\"400\" height=\"400\" alt=\"\" srcset=\"https:\/\/akademiafarmaceuty.edu.pl\/2017\/wp-content\/uploads\/2016\/02\/foto-2-400x400.jpg 400w, https:\/\/akademiafarmaceuty.edu.pl\/2017\/wp-content\/uploads\/2016\/02\/foto-2-150x150.jpg 150w\" sizes=\"(max-width: 400px) 100vw, 400px\" class=\"light-dropshaddow\"\/><\/a><\/div><\/div><div class=\"tcol-lg-4 tcol-md-4 tcol-sm-4 tcol-xs-6 tcol-ss-12 g_item\"><div class=\"grid_item kad_gallery_fade_in gallery_item\"><a href=\"https:\/\/akademiafarmaceuty.edu.pl\/2017\/wp-content\/uploads\/2016\/02\/foto-1.jpg\" data-rel=\"lightbox\" class=\"lightboxhover\"><img src=\"https:\/\/akademiafarmaceuty.edu.pl\/2017\/wp-content\/uploads\/2016\/02\/foto-1-400x400.jpg\" width=\"400\" height=\"400\" alt=\"\" srcset=\"https:\/\/akademiafarmaceuty.edu.pl\/2017\/wp-content\/uploads\/2016\/02\/foto-1-400x400.jpg 400w, https:\/\/akademiafarmaceuty.edu.pl\/2017\/wp-content\/uploads\/2016\/02\/foto-1-150x150.jpg 150w\" sizes=\"(max-width: 400px) 100vw, 400px\" class=\"light-dropshaddow\"\/><\/a><\/div><\/div><\/div>\n<p><strong>Zapraszamy do odwiedzenia stron internetowych naszych poprzednich projekt\u00f3w:<\/strong><\/p>\n<ul>\n<li><a href=\"http:\/\/www.akademiafarmaceuty.edu.pl\/2016\" target=\"_blank\">Akademia Farmaceuty Sanofi 2016<\/a>\u00a0&#8211;\u00a0Kurs 1.42. Proces decyzyjny w opiece farmaceutycznej \u2013 podejmowanie decyzji terapeutycznych i analiza ich konsekwencji<\/li>\n<li><a href=\"http:\/\/www.akademiafarmaceuty.edu.pl\/2015\" target=\"_blank\">Akademia Farmaceuty Sanofi 2015<\/a>\u00a0&#8211;\u00a0Metody zwi\u0119kszania skuteczno\u015bci i bezpiecze\u0144stwa leczenia farmakologicznego<\/li>\n<li><a href=\"http:\/\/www.akademiafarmaceuty.edu.pl\/2014\" target=\"_blank\">Akademia Farmaceuty Sanofi 2014<\/a>\u00a0&#8211; Farmakoterapia chor\u00f3b jamy ustnej, gard\u0142a, krtani, nosa i ucha<\/li>\n<\/ul>\n<p>&nbsp;<\/p>\n","protected":false},"excerpt":{"rendered":"<p>Zapraszamy do odwiedzenia stron internetowych naszych poprzednich projekt\u00f3w: Akademia Farmaceuty Sanofi 2016\u00a0&#8211;\u00a0Kurs 1.42. Proces decyzyjny w opiece farmaceutycznej \u2013 podejmowanie decyzji terapeutycznych i analiza ich konsekwencji Akademia Farmaceuty Sanofi 2015\u00a0&#8211;\u00a0Metody zwi\u0119kszania skuteczno\u015bci i bezpiecze\u0144stwa leczenia farmakologicznego Akademia Farmaceuty Sanofi 2014\u00a0&#8211; &hellip; <a href=\"https:\/\/akademiafarmaceuty.edu.pl\/2017\/poprzednie-kursy\/\">Continued<\/a><\/p>\n","protected":false},"author":1,"featured_media":0,"parent":0,"menu_order":0,"comment_status":"closed","ping_status":"closed","template":"","meta":[],"_links":{"self":[{"href":"https:\/\/akademiafarmaceuty.edu.pl\/2017\/wp-json\/wp\/v2\/pages\/134"}],"collection":[{"href":"https:\/\/akademiafarmaceuty.edu.pl\/2017\/wp-json\/wp\/v2\/pages"}],"about":[{"href":"https:\/\/akademiafarmaceuty.edu.pl\/2017\/wp-json\/wp\/v2\/types\/page"}],"author":[{"embeddable":true,"href":"https:\/\/akademiafarmaceuty.edu.pl\/2017\/wp-json\/wp\/v2\/users\/1"}],"replies":[{"embeddable":true,"href":"https:\/\/akademiafarmaceuty.edu.pl\/2017\/wp-json\/wp\/v2\/comments?post=134"}],"version-history":[{"count":10,"href":"https:\/\/akademiafarmaceuty.edu.pl\/2017\/wp-json\/wp\/v2\/pages\/134\/revisions"}],"predecessor-version":[{"id":2467,"href":"https:\/\/akademiafarmaceuty.edu.pl\/2017\/wp-json\/wp\/v2\/pages\/134\/revisions\/2467"}],"wp:attachment":[{"href":"https:\/\/akademiafarmaceuty.edu.pl\/2017\/wp-json\/wp\/v2\/media?parent=134"}],"curies":[{"name":"wp","href":"https:\/\/api.w.org\/{rel}","templated":true}]}}