{"id":40,"date":"2016-02-19T16:56:45","date_gmt":"2016-02-19T15:56:45","guid":{"rendered":"https:\/\/akademiafarmaceuty.edu.pl\/?page_id=40"},"modified":"2017-01-05T16:27:22","modified_gmt":"2017-01-05T15:27:22","slug":"kontakt","status":"publish","type":"page","link":"https:\/\/akademiafarmaceuty.edu.pl\/2017\/kontakt\/","title":{"rendered":"Kontakt"},"content":{"rendered":"<p>Je\u017celi maj\u0105 Pa\u0144stwo jakie\u015b pytania, prosimy o kontakt ze wsp\u00f3\u0142organizatorem konferencji:<\/p>\n<div class=\"row\"> <div class=\"col-md-4\">\n<p><a href=\"http:\/\/www.grupaneoart.pl\"><img loading=\"lazy\" class=\"alignnone wp-image-81 size-medium\" src=\"https:\/\/akademiafarmaceuty.edu.pl\/wp-content\/uploads\/2016\/02\/LOGO_NEOART_300px-300x113.png\" alt=\"Grupa Neoart\" width=\"300\" height=\"113\" \/><\/a><\/p>\n<\/div><div class=\"col-md-8\">\n<p><strong><br \/>\nGrupa NeoArt<\/strong><\/p>\n<p>ul. Nied\u017awiedzia 4C<br \/>\n02-737 Warszawa<\/p>\n<p>tel. +48 22-489-68-02<br \/>\ntel. kom. +48 503-177-903<\/p>\n<p><a href=\"mailto:rejestracja@neoart.com.pl\">rejestracja@neoart.com.pl<br \/>\n<\/a><a href=\"http:\/\/www.grupaneoart.pl\" target=\"_blank\">www.grupaneoart.pl<\/a><\/p>\n<\/div><\/div>\n<p>&nbsp;<\/p>\n","protected":false},"excerpt":{"rendered":"<p>Je\u017celi maj\u0105 Pa\u0144stwo jakie\u015b pytania, prosimy o kontakt ze wsp\u00f3\u0142organizatorem konferencji: &nbsp;<\/p>\n","protected":false},"author":1,"featured_media":0,"parent":0,"menu_order":0,"comment_status":"closed","ping_status":"closed","template":"","meta":[],"_links":{"self":[{"href":"https:\/\/akademiafarmaceuty.edu.pl\/2017\/wp-json\/wp\/v2\/pages\/40"}],"collection":[{"href":"https:\/\/akademiafarmaceuty.edu.pl\/2017\/wp-json\/wp\/v2\/pages"}],"about":[{"href":"https:\/\/akademiafarmaceuty.edu.pl\/2017\/wp-json\/wp\/v2\/types\/page"}],"author":[{"embeddable":true,"href":"https:\/\/akademiafarmaceuty.edu.pl\/2017\/wp-json\/wp\/v2\/users\/1"}],"replies":[{"embeddable":true,"href":"https:\/\/akademiafarmaceuty.edu.pl\/2017\/wp-json\/wp\/v2\/comments?post=40"}],"version-history":[{"count":22,"href":"https:\/\/akademiafarmaceuty.edu.pl\/2017\/wp-json\/wp\/v2\/pages\/40\/revisions"}],"predecessor-version":[{"id":2428,"href":"https:\/\/akademiafarmaceuty.edu.pl\/2017\/wp-json\/wp\/v2\/pages\/40\/revisions\/2428"}],"wp:attachment":[{"href":"https:\/\/akademiafarmaceuty.edu.pl\/2017\/wp-json\/wp\/v2\/media?parent=40"}],"curies":[{"name":"wp","href":"https:\/\/api.w.org\/{rel}","templated":true}]}}