{"id":2,"date":"2016-02-03T04:08:41","date_gmt":"2016-02-03T04:08:41","guid":{"rendered":"http:\/\/wp442m.a10-52-158-154.qa.plesk.ru\/wordpress\/?page_id=2"},"modified":"2019-01-23T15:39:17","modified_gmt":"2019-01-23T14:39:17","slug":"zaproszenie","status":"publish","type":"page","link":"https:\/\/akademiafarmaceuty.edu.pl\/2019\/","title":{"rendered":"Witaj na stronie kurs\u00f3w &#8222;Akademia Farmaceuty&#8221;"},"content":{"rendered":"\r\n<div class=\"wp-container-5 wp-block-columns has-4-columns\">\r\n<div class=\"wp-container-1 wp-block-column\"><\/div>\r\n\r\n\r\n\r\n<div class=\"wp-container-2 wp-block-column\">\r\n<h4 style=\"text-align:right\" id=\"mce_7\"><strong>Kurs 1.5.<\/strong><br>Post\u0119py farmakoterapii <br>chor\u00f3b uk\u0142adu pokarmowego<\/h4>\r\n\r\n\r\n\r\n<p><\/p>\r\n<\/div>\r\n\r\n\r\n\r\n<div class=\"wp-container-3 wp-block-column\">\r\n<h4 style=\"text-align:left\" id=\"mce_5\"><strong>Kurs 1.25.<\/strong><br>Post\u0119py farmakoterapii <br>chor\u00f3b<br>alergicznych<\/h4>\r\n<\/div>\r\n\r\n\r\n\r\n<div class=\"wp-container-4 wp-block-column\"><\/div>\r\n<\/div>\r\n\r\n\r\n\r\n<hr class=\"wp-block-separator\"\/>\r\n\r\n\r\n<p style=\"text-align: center;\"><strong>Wst\u0119p jest ca\u0142kowicie bezp\u0142atny<\/strong><\/p>\r\n<p style=\"text-align: center;\"><strong>Uczestnicy otrzymuj\u0105 za oba kursy w sumie 10 punkt\u00f3w \u201etwardych\u201d<\/strong>&nbsp;po zaliczeniu testu wiedzy po zako\u0144czeniu kurs\u00f3w<\/p>\r\n<p style=\"text-align: center;\"><strong>Punkty twarde<\/strong>&nbsp;przyznaje Studium Kszta\u0142cenia Podyplomowego Wydzia\u0142u Farmaceutycznego Gda\u0144skiego Uniwersytetu Medycznego<\/p>\r\n<p style=\"text-align: center;\"><strong>Punkty mi\u0119kkie<\/strong>&nbsp;przyznaje w\u0142a\u015bciwa Okr\u0119gowa Izba Aptekarska\/PTFarm<\/p>\r\n<p style=\"text-align: center;\"><strong>Certyfikaty:<\/strong>&nbsp;warunkiem uzyskania certyfikat\u00f3w na miejscu szkolenia jest rejestracja na 5 dni przed dat\u0105 spotkania<\/p>\r\n\r\n\r\n<hr class=\"wp-block-separator\"\/>\r\n\r\n\r\n\r\n<div class=\"wp-container-9 wp-block-columns has-3-columns\">\r\n<div class=\"wp-container-6 wp-block-column\">\r\n<p style=\"text-align:center\"><strong>Grant edukacyjny<\/strong><\/p>\r\n\r\n\r\n\r\n<div class=\"wp-block-image\"><figure class=\"aligncenter\"><img loading=\"lazy\" width=\"150\" height=\"150\" src=\"https:\/\/akademiafarmaceuty.edu.pl\/2019\/wp-content\/uploads\/2016\/02\/logo_sanofi-150x150.png\" alt=\"Sanofi\" class=\"wp-image-97\" srcset=\"https:\/\/akademiafarmaceuty.edu.pl\/2019\/wp-content\/uploads\/2016\/02\/logo_sanofi-150x150.png 150w, https:\/\/akademiafarmaceuty.edu.pl\/2019\/wp-content\/uploads\/2016\/02\/logo_sanofi.png 300w\" sizes=\"(max-width: 150px) 100vw, 150px\" \/><figcaption><br><\/figcaption><\/figure><\/div>\r\n<\/div>\r\n\r\n\r\n\r\n<div class=\"wp-container-7 wp-block-column\">\r\n<p style=\"text-align:center\"><strong>Organizator<\/strong><\/p>\r\n\r\n\r\n\r\n<div class=\"wp-block-image\"><figure class=\"aligncenter\"><img loading=\"lazy\" width=\"150\" height=\"150\" src=\"https:\/\/akademiafarmaceuty.edu.pl\/2019\/wp-content\/uploads\/2016\/02\/logo_gum-150x150.png\" alt=\"Gda\u0144ski Uniwersytet Medyczny\" class=\"wp-image-94\" srcset=\"https:\/\/akademiafarmaceuty.edu.pl\/2019\/wp-content\/uploads\/2016\/02\/logo_gum-150x150.png 150w, https:\/\/akademiafarmaceuty.edu.pl\/2019\/wp-content\/uploads\/2016\/02\/logo_gum.png 300w\" sizes=\"(max-width: 150px) 100vw, 150px\" \/><figcaption><br><\/figcaption><\/figure><\/div>\r\n<\/div>\r\n\r\n\r\n\r\n<div class=\"wp-container-8 wp-block-column\">\r\n<p style=\"text-align:center\"><strong>Wsp\u00f3\u0142organizator<\/strong><\/p>\r\n\r\n\r\n\r\n<div class=\"wp-block-image\"><figure class=\"aligncenter\"><img loading=\"lazy\" width=\"150\" height=\"150\" src=\"https:\/\/akademiafarmaceuty.edu.pl\/2019\/wp-content\/uploads\/2016\/02\/logo_neoart-150x150.png\" alt=\"Grupa Neoart\" class=\"wp-image-95\" srcset=\"https:\/\/akademiafarmaceuty.edu.pl\/2019\/wp-content\/uploads\/2016\/02\/logo_neoart-150x150.png 150w, https:\/\/akademiafarmaceuty.edu.pl\/2019\/wp-content\/uploads\/2016\/02\/logo_neoart.png 300w\" sizes=\"(max-width: 150px) 100vw, 150px\" \/><\/figure><\/div>\r\n<\/div>\r\n<\/div>\r\n","protected":false},"excerpt":{"rendered":"<p>Kurs 1.5.Post\u0119py farmakoterapii chor\u00f3b uk\u0142adu pokarmowego Kurs 1.25.Post\u0119py farmakoterapii chor\u00f3balergicznych Wst\u0119p jest ca\u0142kowicie bezp\u0142atny Uczestnicy otrzymuj\u0105 za oba kursy w sumie 10 punkt\u00f3w \u201etwardych\u201d&nbsp;po zaliczeniu testu wiedzy po zako\u0144czeniu kurs\u00f3w Punkty twarde&nbsp;przyznaje Studium Kszta\u0142cenia Podyplomowego Wydzia\u0142u Farmaceutycznego Gda\u0144skiego Uniwersytetu Medycznego &hellip; <a href=\"https:\/\/akademiafarmaceuty.edu.pl\/2019\/\">Continued<\/a><\/p>\n","protected":false},"author":1,"featured_media":0,"parent":0,"menu_order":0,"comment_status":"closed","ping_status":"open","template":"","meta":[],"_links":{"self":[{"href":"https:\/\/akademiafarmaceuty.edu.pl\/2019\/wp-json\/wp\/v2\/pages\/2"}],"collection":[{"href":"https:\/\/akademiafarmaceuty.edu.pl\/2019\/wp-json\/wp\/v2\/pages"}],"about":[{"href":"https:\/\/akademiafarmaceuty.edu.pl\/2019\/wp-json\/wp\/v2\/types\/page"}],"author":[{"embeddable":true,"href":"https:\/\/akademiafarmaceuty.edu.pl\/2019\/wp-json\/wp\/v2\/users\/1"}],"replies":[{"embeddable":true,"href":"https:\/\/akademiafarmaceuty.edu.pl\/2019\/wp-json\/wp\/v2\/comments?post=2"}],"version-history":[{"count":124,"href":"https:\/\/akademiafarmaceuty.edu.pl\/2019\/wp-json\/wp\/v2\/pages\/2\/revisions"}],"predecessor-version":[{"id":6883,"href":"https:\/\/akademiafarmaceuty.edu.pl\/2019\/wp-json\/wp\/v2\/pages\/2\/revisions\/6883"}],"wp:attachment":[{"href":"https:\/\/akademiafarmaceuty.edu.pl\/2019\/wp-json\/wp\/v2\/media?parent=2"}],"curies":[{"name":"wp","href":"https:\/\/api.w.org\/{rel}","templated":true}]}}