{"id":40,"date":"2016-02-19T16:56:45","date_gmt":"2016-02-19T15:56:45","guid":{"rendered":"https:\/\/akademiafarmaceuty.edu.pl\/?page_id=40"},"modified":"2019-01-16T16:53:41","modified_gmt":"2019-01-16T15:53:41","slug":"kontakt","status":"publish","type":"page","link":"https:\/\/akademiafarmaceuty.edu.pl\/2019\/kontakt\/","title":{"rendered":"Kontakt"},"content":{"rendered":"<p style=\"text-align: center;\">Je\u017celi maj\u0105 Pa\u0144stwo jakie\u015b pytania, prosimy o kontakt ze wsp\u00f3\u0142organizatorem konferencji:<\/p>\n<p style=\"text-align: center;\"><img loading=\"lazy\" class=\"aligncenter size-thumbnail wp-image-95\" src=\"https:\/\/akademiafarmaceuty.edu.pl\/2019\/wp-content\/uploads\/2016\/02\/logo_neoart-150x150.png\" alt=\"Grupa Neoart\" width=\"150\" height=\"150\" srcset=\"https:\/\/akademiafarmaceuty.edu.pl\/2019\/wp-content\/uploads\/2016\/02\/logo_neoart-150x150.png 150w, https:\/\/akademiafarmaceuty.edu.pl\/2019\/wp-content\/uploads\/2016\/02\/logo_neoart.png 300w\" sizes=\"(max-width: 150px) 100vw, 150px\" \/><\/p>\n<p style=\"text-align: center;\"><strong>Grupa NeoArt<\/strong><\/p>\n<p style=\"text-align: center;\">ul. Nied\u017awiedzia 4C<br \/>\n02-737 Warszawa<\/p>\n<p style=\"text-align: center;\">tel. +48 22-489-68-02<br \/>\ntel. kom. +48 503-177-903<\/p>\n<p style=\"text-align: center;\"><a href=\"mailto:rejestracja@neoart.com.pl\">rejestracja@neoart.com.pl<br \/>\n<\/a><a href=\"http:\/\/www.grupaneoart.pl\" target=\"_blank\" rel=\"noopener\">www.grupaneoart.pl<\/a><\/p>\n<p style=\"text-align: center;\">\n","protected":false},"excerpt":{"rendered":"<p>Je\u017celi maj\u0105 Pa\u0144stwo jakie\u015b pytania, prosimy o kontakt ze wsp\u00f3\u0142organizatorem konferencji: Grupa NeoArt ul. Nied\u017awiedzia 4C 02-737 Warszawa tel. +48 22-489-68-02 tel. kom. +48 503-177-903 rejestracja@neoart.com.pl www.grupaneoart.pl<\/p>\n","protected":false},"author":1,"featured_media":0,"parent":0,"menu_order":0,"comment_status":"closed","ping_status":"closed","template":"","meta":[],"_links":{"self":[{"href":"https:\/\/akademiafarmaceuty.edu.pl\/2019\/wp-json\/wp\/v2\/pages\/40"}],"collection":[{"href":"https:\/\/akademiafarmaceuty.edu.pl\/2019\/wp-json\/wp\/v2\/pages"}],"about":[{"href":"https:\/\/akademiafarmaceuty.edu.pl\/2019\/wp-json\/wp\/v2\/types\/page"}],"author":[{"embeddable":true,"href":"https:\/\/akademiafarmaceuty.edu.pl\/2019\/wp-json\/wp\/v2\/users\/1"}],"replies":[{"embeddable":true,"href":"https:\/\/akademiafarmaceuty.edu.pl\/2019\/wp-json\/wp\/v2\/comments?post=40"}],"version-history":[{"count":23,"href":"https:\/\/akademiafarmaceuty.edu.pl\/2019\/wp-json\/wp\/v2\/pages\/40\/revisions"}],"predecessor-version":[{"id":6866,"href":"https:\/\/akademiafarmaceuty.edu.pl\/2019\/wp-json\/wp\/v2\/pages\/40\/revisions\/6866"}],"wp:attachment":[{"href":"https:\/\/akademiafarmaceuty.edu.pl\/2019\/wp-json\/wp\/v2\/media?parent=40"}],"curies":[{"name":"wp","href":"https:\/\/api.w.org\/{rel}","templated":true}]}}