{"id":38,"date":"2016-02-19T16:55:58","date_gmt":"2016-02-19T15:55:58","guid":{"rendered":"https:\/\/akademiafarmaceuty.edu.pl\/?page_id=38"},"modified":"2020-05-04T16:20:57","modified_gmt":"2020-05-04T15:20:57","slug":"terminy-i-miejsca-kursow","status":"publish","type":"page","link":"https:\/\/akademiafarmaceuty.edu.pl\/2020stacjonarne\/terminy-i-miejsca-kursow\/","title":{"rendered":"Terminy kurs\u00f3w"},"content":{"rendered":"<h1 style=\"text-align: center;\"><b>Szkolenia w edycji wiosennej odb\u0119d\u0105 si\u0119 w nowych terminach we wrze\u015bniu lub pa\u017adzierniku. Szczeg\u00f3\u0142y wkr\u00f3tce.<\/b><\/h1>\n","protected":false},"excerpt":{"rendered":"<p>Szkolenia w edycji wiosennej odb\u0119d\u0105 si\u0119 w nowych terminach we wrze\u015bniu lub pa\u017adzierniku. Szczeg\u00f3\u0142y wkr\u00f3tce.<\/p>\n","protected":false},"author":1,"featured_media":0,"parent":0,"menu_order":0,"comment_status":"closed","ping_status":"closed","template":"","meta":[],"_links":{"self":[{"href":"https:\/\/akademiafarmaceuty.edu.pl\/2020stacjonarne\/wp-json\/wp\/v2\/pages\/38"}],"collection":[{"href":"https:\/\/akademiafarmaceuty.edu.pl\/2020stacjonarne\/wp-json\/wp\/v2\/pages"}],"about":[{"href":"https:\/\/akademiafarmaceuty.edu.pl\/2020stacjonarne\/wp-json\/wp\/v2\/types\/page"}],"author":[{"embeddable":true,"href":"https:\/\/akademiafarmaceuty.edu.pl\/2020stacjonarne\/wp-json\/wp\/v2\/users\/1"}],"replies":[{"embeddable":true,"href":"https:\/\/akademiafarmaceuty.edu.pl\/2020stacjonarne\/wp-json\/wp\/v2\/comments?post=38"}],"version-history":[{"count":108,"href":"https:\/\/akademiafarmaceuty.edu.pl\/2020stacjonarne\/wp-json\/wp\/v2\/pages\/38\/revisions"}],"predecessor-version":[{"id":11013,"href":"https:\/\/akademiafarmaceuty.edu.pl\/2020stacjonarne\/wp-json\/wp\/v2\/pages\/38\/revisions\/11013"}],"wp:attachment":[{"href":"https:\/\/akademiafarmaceuty.edu.pl\/2020stacjonarne\/wp-json\/wp\/v2\/media?parent=38"}],"curies":[{"name":"wp","href":"https:\/\/api.w.org\/{rel}","templated":true}]}}